{"id":22193,"date":"2023-12-19T04:45:37","date_gmt":"2023-12-19T04:45:37","guid":{"rendered":"https:\/\/www.growketing.com\/?page_id=22193"},"modified":"2023-12-19T05:18:56","modified_gmt":"2023-12-19T05:18:56","slug":"terms-and-conditions","status":"publish","type":"page","link":"https:\/\/www.growketing.com\/en\/terms-and-conditions\/","title":{"rendered":"Terms and Conditions"},"content":{"rendered":"\n<div class=\"row simple-text-container-padding\">\n    <div class=\"service-wit\">\n        <div class=\"service_methodology_cta_no_home\">\n            <div class=\"careers_container\">\n                <div class=\"careers_benefit-2\">\n                                            <div class=\"col-md-6 col-sm-12\">\n                            <h2 class=\"wit-title\">\n                                Terms and Conditions                            <\/h2>\n                        <\/div>\n                                                                <div class=\"col-md-6 col-sm-12\">\n                            <div class=\"wit-description\">\n                                <p><span style=\"font-weight: 400;\">Bienvenido al sitio web de Growketing. Al acceder y utilizar este sitio web, aceptas cumplir con los siguientes t\u00e9rminos y condiciones de uso. Si no est\u00e1s de acuerdo con estos t\u00e9rminos, por favor, abstente de utilizar este sitio.<\/span><\/p>\n<p>&nbsp;<\/p>\n<ol>\n<li><strong>1. Uso del Sitio<\/strong><\/li>\n<\/ol>\n<p>&nbsp;<\/p>\n<p><span style=\"font-weight: 400;\">1.1. Al utilizar este sitio web, aceptas cumplir con todas las leyes y regulaciones locales, estatales, nacionales e internacionales aplicables.<\/span><\/p>\n<p>&nbsp;<\/p>\n<p><span style=\"font-weight: 400;\">1.2. No podr\u00e1s utilizar este sitio de manera que pueda da\u00f1ar, desactivar, sobrecargar o deteriorar la funcionalidad del sitio o interferir con el uso de terceros.<\/span><\/p>\n<p>&nbsp;<\/p>\n<ol start=\"2\">\n<li><strong>2. Contenido<\/strong><\/li>\n<\/ol>\n<p>&nbsp;<\/p>\n<p><span style=\"font-weight: 400;\">2.1. Todo el contenido proporcionado en este sitio, incluidos textos, gr\u00e1ficos, im\u00e1genes, logotipos, videos y audio, est\u00e1 protegido por derechos de autor y otras leyes de propiedad intelectual.<\/span><\/p>\n<p>&nbsp;<\/p>\n<p><span style=\"font-weight: 400;\">2.2. No puedes copiar, reproducir, distribuir, transmitir, mostrar, vender, licenciar ni explotar de ninguna otra manera el contenido sin el consentimiento previo por escrito de Growketing.<\/span><\/p>\n<p>&nbsp;<\/p>\n<ol start=\"3\">\n<li><strong>3. Enlaces a Terceros<\/strong><\/li>\n<\/ol>\n<p>&nbsp;<\/p>\n<p><span style=\"font-weight: 400;\">3.1. Este sitio puede contener enlaces a sitios web de terceros. Growketing no se hace responsable del contenido o las pr\u00e1cticas de privacidad de estos sitios. El uso de sitios de terceros est\u00e1 sujeto a sus propios t\u00e9rminos y condiciones.<\/span><\/p>\n<p>&nbsp;<\/p>\n<ol start=\"4\">\n<li><strong>4. Pol\u00edtica de Privacidad<\/strong><\/li>\n<\/ol>\n<p>&nbsp;<\/p>\n<p><span style=\"font-weight: 400;\">4.1. Nuestra pol\u00edtica de privacidad describe c\u00f3mo recopilamos, usamos y protegemos la informaci\u00f3n personal que puedas proporcionar a trav\u00e9s de este sitio. Al utilizar este sitio, aceptas nuestras pr\u00e1cticas de privacidad seg\u00fan lo establecido en nuestra pol\u00edtica de privacidad.<\/span><\/p>\n<p>&nbsp;<\/p>\n<ol start=\"5\">\n<li><strong>5. Ley Aplicable<br \/>\n<\/strong><strong><span style=\"font-weight: 400;\"><br \/>\n<\/span><\/strong><strong><span style=\"font-weight: 400;\">5.1. Estos t\u00e9rminos y condiciones se rigen por las leyes norteamericanas. Todo litigio, controversia o reclamaci\u00f3n resultante, se resolver\u00e1 mediante los tribunales de dicho pa\u00eds. La sede del litigio ser\u00e1n los tribunales del Estado de Delaware.<br \/>\n<\/span><br \/>\n<\/strong><\/li>\n<li><strong>6. Contacto<\/strong><\/li>\n<\/ol>\n<p>&nbsp;<\/p>\n<p><span style=\"font-weight: 400;\">6.1. Para cualquier pregunta o inquietud relacionada con estos t\u00e9rminos y condiciones, puedes contactarnos en <\/span><a href=\"mailto:admin@growketing.com\"><span style=\"font-weight: 400;\">admin@growketing.com<\/span><\/a><span style=\"font-weight: 400;\">\u00a0 .<\/span><span style=\"font-weight: 400;\"><br \/>\n<\/span><\/p>\n                            <\/div>\n                        <\/div>\n                                    <\/div>\n            <\/div>\n        <\/div>\n    <\/div>\n<\/div>","protected":false},"excerpt":{"rendered":"","protected":false},"author":2,"featured_media":0,"parent":0,"menu_order":0,"comment_status":"closed","ping_status":"closed","template":"","meta":{"_acf_changed":false,"content-type":"","footnotes":""},"class_list":["post-22193","page","type-page","status-publish","hentry"],"acf":[],"yoast_head":"<!-- This site is optimized with the Yoast SEO plugin v22.6 - https:\/\/yoast.com\/wordpress\/plugins\/seo\/ -->\n<title>Terms and Conditions - Growketing<\/title>\n<meta name=\"robots\" content=\"index, follow, max-snippet:-1, max-image-preview:large, max-video-preview:-1\" \/>\n<link rel=\"canonical\" href=\"https:\/\/www.growketing.com\/en\/terms-and-conditions\/\" \/>\n<meta property=\"og:locale\" content=\"en_US\" \/>\n<meta property=\"og:type\" content=\"article\" \/>\n<meta property=\"og:title\" content=\"Terms and Conditions - Growketing\" \/>\n<meta property=\"og:url\" content=\"https:\/\/www.growketing.com\/en\/terms-and-conditions\/\" \/>\n<meta property=\"og:site_name\" content=\"Growketing\" \/>\n<meta property=\"article:modified_time\" content=\"2023-12-19T05:18:56+00:00\" \/>\n<meta name=\"twitter:card\" content=\"summary_large_image\" \/>\n<script type=\"application\/ld+json\" class=\"yoast-schema-graph\">{\"@context\":\"https:\/\/schema.org\",\"@graph\":[{\"@type\":\"WebPage\",\"@id\":\"https:\/\/www.growketing.com\/en\/terms-and-conditions\/\",\"url\":\"https:\/\/www.growketing.com\/en\/terms-and-conditions\/\",\"name\":\"Terms and Conditions - Growketing\",\"isPartOf\":{\"@id\":\"https:\/\/www.growketing.com\/en\/#website\"},\"datePublished\":\"2023-12-19T04:45:37+00:00\",\"dateModified\":\"2023-12-19T05:18:56+00:00\",\"inLanguage\":\"en-US\",\"potentialAction\":[{\"@type\":\"ReadAction\",\"target\":[\"https:\/\/www.growketing.com\/en\/terms-and-conditions\/\"]}]},{\"@type\":\"WebSite\",\"@id\":\"https:\/\/www.growketing.com\/en\/#website\",\"url\":\"https:\/\/www.growketing.com\/en\/\",\"name\":\"Growketing\",\"description\":\"\",\"publisher\":{\"@id\":\"https:\/\/www.growketing.com\/en\/#organization\"},\"potentialAction\":[{\"@type\":\"SearchAction\",\"target\":{\"@type\":\"EntryPoint\",\"urlTemplate\":\"https:\/\/www.growketing.com\/en\/?s={search_term_string}\"},\"query-input\":\"required name=search_term_string\"}],\"inLanguage\":\"en-US\"},{\"@type\":\"Organization\",\"@id\":\"https:\/\/www.growketing.com\/en\/#organization\",\"name\":\"Growketing\",\"url\":\"https:\/\/www.growketing.com\/en\/\",\"logo\":{\"@type\":\"ImageObject\",\"inLanguage\":\"en-US\",\"@id\":\"https:\/\/www.growketing.com\/en\/#\/schema\/logo\/image\/\",\"url\":\"\/wp-content\/uploads\/2023\/06\/green_logo.svg\",\"contentUrl\":\"\/wp-content\/uploads\/2023\/06\/green_logo.svg\",\"width\":1,\"height\":1,\"caption\":\"Growketing\"},\"image\":{\"@id\":\"https:\/\/www.growketing.com\/en\/#\/schema\/logo\/image\/\"},\"sameAs\":[\"https:\/\/www.linkedin.com\/company\/growketing\/\",\"https:\/\/www.instagram.com\/growketing\/\"]}]}<\/script>\n<!-- \/ Yoast SEO plugin. -->","yoast_head_json":{"title":"Terms and Conditions - Growketing","robots":{"index":"index","follow":"follow","max-snippet":"max-snippet:-1","max-image-preview":"max-image-preview:large","max-video-preview":"max-video-preview:-1"},"canonical":"https:\/\/www.growketing.com\/en\/terms-and-conditions\/","og_locale":"en_US","og_type":"article","og_title":"Terms and Conditions - Growketing","og_url":"https:\/\/www.growketing.com\/en\/terms-and-conditions\/","og_site_name":"Growketing","article_modified_time":"2023-12-19T05:18:56+00:00","twitter_card":"summary_large_image","schema":{"@context":"https:\/\/schema.org","@graph":[{"@type":"WebPage","@id":"https:\/\/www.growketing.com\/en\/terms-and-conditions\/","url":"https:\/\/www.growketing.com\/en\/terms-and-conditions\/","name":"Terms and Conditions - Growketing","isPartOf":{"@id":"https:\/\/www.growketing.com\/en\/#website"},"datePublished":"2023-12-19T04:45:37+00:00","dateModified":"2023-12-19T05:18:56+00:00","inLanguage":"en-US","potentialAction":[{"@type":"ReadAction","target":["https:\/\/www.growketing.com\/en\/terms-and-conditions\/"]}]},{"@type":"WebSite","@id":"https:\/\/www.growketing.com\/en\/#website","url":"https:\/\/www.growketing.com\/en\/","name":"Growketing","description":"","publisher":{"@id":"https:\/\/www.growketing.com\/en\/#organization"},"potentialAction":[{"@type":"SearchAction","target":{"@type":"EntryPoint","urlTemplate":"https:\/\/www.growketing.com\/en\/?s={search_term_string}"},"query-input":"required name=search_term_string"}],"inLanguage":"en-US"},{"@type":"Organization","@id":"https:\/\/www.growketing.com\/en\/#organization","name":"Growketing","url":"https:\/\/www.growketing.com\/en\/","logo":{"@type":"ImageObject","inLanguage":"en-US","@id":"https:\/\/www.growketing.com\/en\/#\/schema\/logo\/image\/","url":"\/wp-content\/uploads\/2023\/06\/green_logo.svg","contentUrl":"\/wp-content\/uploads\/2023\/06\/green_logo.svg","width":1,"height":1,"caption":"Growketing"},"image":{"@id":"https:\/\/www.growketing.com\/en\/#\/schema\/logo\/image\/"},"sameAs":["https:\/\/www.linkedin.com\/company\/growketing\/","https:\/\/www.instagram.com\/growketing\/"]}]}},"_links":{"self":[{"href":"https:\/\/www.growketing.com\/en\/wp-json\/wp\/v2\/pages\/22193","targetHints":{"allow":["GET"]}}],"collection":[{"href":"https:\/\/www.growketing.com\/en\/wp-json\/wp\/v2\/pages"}],"about":[{"href":"https:\/\/www.growketing.com\/en\/wp-json\/wp\/v2\/types\/page"}],"author":[{"embeddable":true,"href":"https:\/\/www.growketing.com\/en\/wp-json\/wp\/v2\/users\/2"}],"replies":[{"embeddable":true,"href":"https:\/\/www.growketing.com\/en\/wp-json\/wp\/v2\/comments?post=22193"}],"version-history":[{"count":0,"href":"https:\/\/www.growketing.com\/en\/wp-json\/wp\/v2\/pages\/22193\/revisions"}],"wp:attachment":[{"href":"https:\/\/www.growketing.com\/en\/wp-json\/wp\/v2\/media?parent=22193"}],"curies":[{"name":"wp","href":"https:\/\/api.w.org\/{rel}","templated":true}]}}