{"id":22187,"date":"2023-12-19T04:44:40","date_gmt":"2023-12-19T04:44:40","guid":{"rendered":"https:\/\/www.growketing.com\/?page_id=22187"},"modified":"2023-12-19T05:18:33","modified_gmt":"2023-12-19T05:18:33","slug":"policy-privacy","status":"publish","type":"page","link":"https:\/\/www.growketing.com\/en\/policy-privacy\/","title":{"rendered":"Policy Privacy"},"content":{"rendered":"\n<div class=\"row simple-text-container-padding\">\n    <div class=\"service-wit\">\n        <div class=\"service_methodology_cta_no_home\">\n            <div class=\"careers_container\">\n                <div class=\"careers_benefit-2\">\n                                            <div class=\"col-md-6 col-sm-12\">\n                            <h2 class=\"wit-title\">\n                                Policy Privacy                            <\/h2>\n                        <\/div>\n                                                                <div class=\"col-md-6 col-sm-12\">\n                            <div class=\"wit-description\">\n                                <p><span style=\"font-weight: 400;\">Gracias por elegir ser parte de nuestra comunidad Growketing (&#8220;Compa\u00f1\u00eda&#8221;, &#8220;nosotros&#8221;, &#8220;nuestro&#8221;). Nos comprometemos a proteger tu informaci\u00f3n personal y tu derecho a la privacidad. Si tienes preguntas o inquietudes sobre este aviso de privacidad o nuestras pr\u00e1cticas con respecto a tu informaci\u00f3n personal, por favor cont\u00e1ctanos en admin@growketing.com.<\/span><\/p>\n<p>&nbsp;<\/p>\n<p><span style=\"font-weight: 400;\">Cuando utilizas cualquiera de nuestros servicios (&#8220;Servicios&#8221;), apreciamos que nos conf\u00edes tu informaci\u00f3n personal. Nos tomamos muy en serio tu privacidad. En este aviso de privacidad, buscamos explicarte de manera clara qu\u00e9 informaci\u00f3n recopilamos, c\u00f3mo la utilizamos y cu\u00e1les son tus derechos en relaci\u00f3n con ella. Esperamos que te tomes un tiempo para leerlo detenidamente, ya que es importante. Si hay alg\u00fan t\u00e9rmino en este aviso de privacidad con el que no est\u00e9s de acuerdo, por favor, deja de usar nuestros Servicios de inmediato.<\/span><\/p>\n<p>&nbsp;<\/p>\n<p><span style=\"font-weight: 400;\">Este aviso de privacidad se aplica a toda la informaci\u00f3n recopilada a trav\u00e9s de nuestros Servicios, que incluyen, como se describe anteriormente, nuestras, as\u00ed como cualquier servicio relacionado, ventas, marketing o eventos.<\/span><\/p>\n<p>&nbsp;<\/p>\n<p><span style=\"font-weight: 400;\">Por favor, lee este aviso de privacidad con atenci\u00f3n, ya que te ayudar\u00e1 a comprender qu\u00e9 hacemos con la informaci\u00f3n que recopilamos.<\/span><\/p>\n<p>&nbsp;<\/p>\n<ol>\n<li><b>1. RECOLECCI\u00d3N DE INFORMACI\u00d3N<br \/>\n<\/b><\/li>\n<\/ol>\n<p>&nbsp;<\/p>\n<p><span style=\"font-weight: 400;\">I<\/span><span style=\"font-weight: 400;\">nformaci\u00f3n Personal Proporcionada por Usted: Recopilamos la informaci\u00f3n personal que comparte voluntariamente con nosotros.<\/span><\/p>\n<p><span style=\"font-weight: 400;\">Reunimos informaci\u00f3n personal que usted proporciona voluntariamente al registrarse para expresar su inter\u00e9s en obtener informaci\u00f3n sobre nosotros o nuestros productos y servicios.\u00a0<\/span><\/p>\n<p><span style=\"font-weight: 400;\">Toda la informaci\u00f3n personal que nos proporcione debe ser veraz, completa y precisa, y debe notificarnos de cualquier cambio en dicha informaci\u00f3n personal.<\/span><\/p>\n<p><span style=\"font-weight: 400;\">Informaci\u00f3n Recopilada Autom\u00e1ticamente: Se recopila autom\u00e1ticamente cierta informaci\u00f3n cuando visita nuestro sitio web, incluida su direcci\u00f3n de Protocolo de Internet (IP) y\/o caracter\u00edsticas del navegador y dispositivo.<\/span><\/p>\n<p><span style=\"font-weight: 400;\">Recopilamos autom\u00e1ticamente informaci\u00f3n espec\u00edfica cuando visita, utiliza o navega por nuestro sitio web. Esta informaci\u00f3n no revela su identidad espec\u00edfica (como su nombre o informaci\u00f3n de contacto), pero puede incluir detalles del dispositivo y el uso, como su direcci\u00f3n IP, caracter\u00edsticas del navegador y dispositivo, sistema operativo, preferencias de idioma, URL del referente, nombre del dispositivo, pa\u00eds, ubicaci\u00f3n e informaci\u00f3n t\u00e9cnica. Esta informaci\u00f3n es principalmente necesaria para mantener la seguridad y operaci\u00f3n de nuestro sitio y para fines internos de informes y an\u00e1lisis.<\/span><\/p>\n<p><span style=\"font-weight: 400;\">Al igual que muchas empresas, tambi\u00e9n recopilamos informaci\u00f3n a trav\u00e9s de cookies y tecnolog\u00edas similares para el seguimiento de datos.<\/span><\/p>\n<p>&nbsp;<\/p>\n<ol start=\"2\">\n<li><b>2. COMPARTIR INFORMACI\u00d3N<br \/>\n<\/b><\/li>\n<\/ol>\n<p>&nbsp;<\/p>\n<p><span style=\"font-weight: 400;\">Solo compartimos informaci\u00f3n con su consentimiento, para cumplir con las leyes, brindarle servicios, proteger sus derechos o cumplir con obligaciones comerciales.<\/span><\/p>\n<p><span style=\"font-weight: 400;\">Podemos procesar o compartir sus datos bas\u00e1ndonos en las siguientes bases legales:<\/span><\/p>\n<ul>\n<li style=\"font-weight: 400;\" aria-level=\"1\"><span style=\"font-weight: 400;\">Transferencias Comerciales: Podemos compartir o transferir su informaci\u00f3n en relaci\u00f3n con, o durante las negociaciones de cualquier fusi\u00f3n, venta de activos de la empresa, financiamiento o adquisici\u00f3n de todo o parte de nuestro negocio por otra empresa.<\/span><\/li>\n<li style=\"font-weight: 400;\" aria-level=\"1\"><span style=\"font-weight: 400;\">Afiliados: Podemos compartir su informaci\u00f3n con nuestros afiliados, exigiendo que sigan este aviso de privacidad. Los afiliados incluyen nuestra empresa matriz y cualquier subsidiaria, socios de empresas conjuntas u otras empresas que controlamos o que est\u00e1n bajo nuestro control com\u00fan.<\/span><\/li>\n<li style=\"font-weight: 400;\" aria-level=\"1\"><span style=\"font-weight: 400;\">Socios Comerciales: Podemos compartir su informaci\u00f3n con socios comerciales para ofrecer ciertos productos.<\/span><\/li>\n<\/ul>\n<p>&nbsp;<\/p>\n<ol start=\"3\">\n<li><b>3. USO DE COOKIES Y OTRAS TECNOLOG\u00cdAS DE SEGUIMIENTO<br \/>\n<\/b><\/li>\n<\/ol>\n<p>&nbsp;<\/p>\n<p><span style=\"font-weight: 400;\">Podemos utilizar cookies y otras tecnolog\u00edas de seguimiento para recopilar y almacenar su informaci\u00f3n.<\/span><\/p>\n<p><span style=\"font-weight: 400;\">Podemos utilizar cookies y tecnolog\u00edas de seguimiento similares (como balizas web y p\u00edxeles) para acceder o almacenar informaci\u00f3n. Los detalles espec\u00edficos sobre c\u00f3mo utilizamos dichas tecnolog\u00edas y c\u00f3mo puede rechazar ciertas cookies se describen en nuestro Aviso de Cookies.<br \/>\n<\/span><\/p>\n<p>&nbsp;<\/p>\n<ol start=\"4\">\n<li><b>4. GESTI\u00d3N DE SU INFORMACI\u00d3N<\/b>&nbsp;<\/li>\n<\/ol>\n<p>&nbsp;<\/p>\n<p><span style=\"font-weight: 400;\">Si elige registrarse o iniciar sesi\u00f3n en nuestros servicios utilizando una cuenta de redes sociales, podemos acceder a cierta informaci\u00f3n sobre usted.<\/span><\/p>\n<p><span style=\"font-weight: 400;\">Utilizaremos la informaci\u00f3n que recibamos \u00fanicamente para los fines que se describen en este aviso de privacidad o que se le aclaren de manera relevante. Tenga en cuenta que no controlamos ni somos responsables de otros usos de su informaci\u00f3n personal por parte de su proveedor de redes sociales de terceros. Le recomendamos que revise su aviso de privacidad para comprender c\u00f3mo se recopila, utiliza y comparte su informaci\u00f3n personal, y c\u00f3mo puede configurar sus preferencias de privacidad en sus sitios y aplicaciones.<\/span><\/p>\n<p>&nbsp;<\/p>\n<ol start=\"5\">\n<li><b>5. TRANSFERENCIA INTERNACIONAL DE SU INFORMACI\u00d3N<\/b><\/li>\n<\/ol>\n<p>&nbsp;<\/p>\n<p><span style=\"font-weight: 400;\">Podemos transferir, almacenar y procesar su informaci\u00f3n en pa\u00edses diferentes al suyo.<\/span><\/p>\n<p><span style=\"font-weight: 400;\">Si es residente del Espacio Econ\u00f3mico Europeo, estos pa\u00edses pueden no tener leyes de protecci\u00f3n de datos u otras leyes similares tan completas como las de su pa\u00eds. Sin embargo, tomaremos todas las medidas necesarias para proteger su informaci\u00f3n personal de acuerdo con este aviso de privacidad y la ley aplicable.<br \/>\n<\/span><\/p>\n<p>&nbsp;<\/p>\n<ol start=\"6\">\n<li><b> 6. \u00bfPOR CU\u00c1NTO TIEMPO CONSERVAMOS SU INFORMACI\u00d3N?<br \/>\n<\/b><\/li>\n<\/ol>\n<p>&nbsp;<\/p>\n<p><span style=\"font-weight: 400;\">Conservamos su informaci\u00f3n durante el tiempo necesario para cumplir con los fines establecidos en este aviso de privacidad, a menos que la ley requiera lo contrario.<\/span><\/p>\n<p><span style=\"font-weight: 400;\">Solo retendremos su informaci\u00f3n personal durante el tiempo que sea necesario para los fines establecidos en este aviso de privacidad, a menos que la ley exija o permita un per\u00edodo de retenci\u00f3n m\u00e1s prolongado (como requisitos fiscales, contables u otros legales). Ning\u00fan prop\u00f3sito de este aviso requerir\u00e1 que conservemos su informaci\u00f3n personal por m\u00e1s de 180 d\u00edas.<\/span><\/p>\n<p><span style=\"font-weight: 400;\">Cuando no tengamos una necesidad comercial leg\u00edtima continua para procesar su informaci\u00f3n personal, eliminaremos o, en su defecto, haremos anonima dicha informaci\u00f3n o, si esto no es posible (por ejemplo, porque su informaci\u00f3n personal se ha almacenado en archivos de respaldo), almacenaremos su informaci\u00f3n personal de manera segura y la aislar\u00e1 de procesamientos futuros hasta que sea posible la eliminaci\u00f3n.<\/span><\/p>\n<p>&nbsp;<\/p>\n<ol start=\"7\">\n<li><b>7. \u00bfRECOPILAMOS INFORMACI\u00d3N DE MENORES?<br \/>\n<\/b><\/li>\n<\/ol>\n<p>&nbsp;<\/p>\n<p><span style=\"font-weight: 400;\">No recopilamos ni comercializamos conscientemente datos de menores de 18 a\u00f1os.<\/span><\/p>\n<p><span style=\"font-weight: 400;\">No solicitamos conscientemente datos ni realizamos marketing dirigido a menores de 18 a\u00f1os. Al utilizar el [sitio\/servicio], usted declara tener al menos 18 a\u00f1os de edad o ser el padre o tutor de un menor y dar su consentimiento para el uso del [sitio\/servicio]. Si nos enteramos de que se ha recopilado informaci\u00f3n personal de usuarios menores de 18 a\u00f1os, desactivaremos la cuenta y tomaremos medidas razonables para eliminar inmediatamente dichos datos de nuestros registros. Si tiene conocimiento de alg\u00fan dato que hayamos recopilado de menores de 18 a\u00f1os, cont\u00e1ctenos en admin@growketing.com.<br \/>\n<\/span><\/p>\n<p>&nbsp;<\/p>\n<ol start=\"8\">\n<li><b>8. \u00bfCU\u00c1LES SON SUS DERECHOS DE PRIVACIDAD?<br \/>\n<\/b><\/li>\n<\/ol>\n<p>&nbsp;<\/p>\n<p><span style=\"font-weight: 400;\">Puede revisar, cambiar o cancelar su cuenta en cualquier momento.<\/span><\/p>\n<p><span style=\"font-weight: 400;\">Si reside en el Espacio Econ\u00f3mico Europeo y cree que estamos procesando ilegalmente su informaci\u00f3n personal, tambi\u00e9n tiene derecho a presentar una queja ante la autoridad de supervisi\u00f3n local de protecci\u00f3n de datos. Puede encontrar sus detalles de contacto aqu\u00ed:<\/span><a href=\"http:\/\/ec.europa.eu\/justice\/data-protection\/bodies\/authorities\/index_en.htm\"> <span style=\"font-weight: 400;\">http:\/\/ec.europa.eu\/justice\/data-protection\/bodies\/authorities\/index_en.htm<\/span><\/a><span style=\"font-weight: 400;\">.<\/span><\/p>\n<p><span style=\"font-weight: 400;\">Si reside en Suiza, los detalles de contacto de las autoridades de protecci\u00f3n de datos est\u00e1n disponibles aqu\u00ed:<\/span><a href=\"https:\/\/www.edoeb.admin.ch\/edoeb\/en\/home.html\"> <span style=\"font-weight: 400;\">https:\/\/www.edoeb.admin.ch\/edoeb\/en\/home.html<\/span><\/a><span style=\"font-weight: 400;\">.<br \/>\n<\/span><\/p>\n<p>&nbsp;<\/p>\n<ol start=\"9\">\n<li><b>9. CONTROLES PARA FUNCIONES DE NO SEGUIMIENTO<br \/>\n<\/b><\/li>\n<\/ol>\n<p>&nbsp;<\/p>\n<p><span style=\"font-weight: 400;\">La mayor\u00eda de los navegadores web y algunos sistemas operativos y aplicaciones m\u00f3viles incluyen una funci\u00f3n o configuraci\u00f3n de No Seguir (&#8220;DNT&#8221;) que puede habilitar para indicar su preferencia de privacidad, evitando que se monitoreen y recopilen datos sobre sus actividades de navegaci\u00f3n en l\u00ednea. En este momento, no se ha finalizado un est\u00e1ndar de tecnolog\u00eda uniforme para reconocer e implementar se\u00f1ales DNT. Como tal, actualmente no respondemos a las se\u00f1ales de navegador DNT ni a ning\u00fan otro mecanismo que comunique autom\u00e1ticamente su elecci\u00f3n de no ser rastreado en l\u00ednea. Si en el futuro se adopta un est\u00e1ndar para el seguimiento en l\u00ednea que debamos seguir, lo informaremos en una versi\u00f3n revisada de este aviso de privacidad.<br \/>\n<\/span><\/p>\n<p>&nbsp;<\/p>\n<ol start=\"10\">\n<li><b>10. \u00bfLOS RESIDENTES DE CALIFORNIA TIENEN DERECHOS DE PRIVACIDAD ESPEC\u00cdFICOS?<br \/>\n<\/b><\/li>\n<\/ol>\n<p>&nbsp;<\/p>\n<p><span style=\"font-weight: 400;\">S\u00ed, si es residente de California, tiene derechos espec\u00edficos en relaci\u00f3n con el acceso a su informaci\u00f3n personal.<\/span><\/p>\n<p><span style=\"font-weight: 400;\">La Secci\u00f3n 1798.83 del C\u00f3digo Civil de California, tambi\u00e9n conocida como la ley &#8220;Shine The Light&#8221;, permite a nuestros usuarios que son residentes de California solicitar y obtener de nosotros, una vez al a\u00f1o y de forma gratuita, informaci\u00f3n sobre las categor\u00edas de informaci\u00f3n personal (si corresponde) que hemos divulgado a terceros con fines de marketing directo y los nombres y direcciones de todos los terceros con los que hemos compartido informaci\u00f3n personal en el a\u00f1o calendario inmediatamente anterior. Si es residente de California y desea realizar tal solicitud, env\u00edenos su solicitud por escrito utilizando la informaci\u00f3n de contacto proporcionada a continuaci\u00f3n.<\/span><\/p>\n<p><span style=\"font-weight: 400;\">Si tiene menos de 18 a\u00f1os, reside en California y tiene una cuenta registrada, tiene derecho a solicitar la eliminaci\u00f3n de datos no deseados que haya publicado p\u00fablicamente en el [sitio\/servicio]. Para solicitar la eliminaci\u00f3n de dichos datos, cont\u00e1ctenos utilizando la informaci\u00f3n de contacto proporcionada a continuaci\u00f3n e incluya la direcci\u00f3n de correo electr\u00f3nico asociada con su cuenta y una declaraci\u00f3n de que reside en California. Nos aseguraremos de que los datos no se muestren p\u00fablicamente en el [sitio\/servicio], pero tenga en cuenta que es posible que los datos no se eliminen por completo de todos nuestros sistemas (por ejemplo, copias de seguridad, etc.).<br \/>\n<\/span><\/p>\n<p>&nbsp;<\/p>\n<ol start=\"11\">\n<li><b>11. \u00bfREALIZAMOS ACTUALIZACIONES A ESTE AVISO?<br \/>\n<\/b><\/li>\n<\/ol>\n<p>&nbsp;<\/p>\n<p><span style=\"font-weight: 400;\">Podemos actualizar este aviso de privacidad de vez en cuando para cumplir con las leyes aplicables. Recomendamos que revise este aviso de privacidad con frecuencia para estar informado sobre c\u00f3mo protegemos su informaci\u00f3n.<br \/>\n<\/span><\/p>\n<p>&nbsp;<\/p>\n<ol start=\"12\">\n<li><b>12. \u00bfC\u00d3MO PUEDE CONTACTARNOS SOBRE ESTE AVISO?<br \/>\n<\/b><\/li>\n<\/ol>\n<p>&nbsp;<\/p>\n<p><span style=\"font-weight: 400;\">Si tiene preguntas o comentarios sobre este aviso, puede enviarnos un correo electr\u00f3nico a admin@growketing.com.<\/span><\/p>\n                            <\/div>\n                        <\/div>\n                                    <\/div>\n            <\/div>\n        <\/div>\n    <\/div>\n<\/div>","protected":false},"excerpt":{"rendered":"","protected":false},"author":2,"featured_media":0,"parent":0,"menu_order":0,"comment_status":"closed","ping_status":"closed","template":"","meta":{"_acf_changed":false,"content-type":"","footnotes":""},"class_list":["post-22187","page","type-page","status-publish","hentry"],"acf":[],"yoast_head":"<!-- This site is optimized with the Yoast SEO plugin v22.6 - https:\/\/yoast.com\/wordpress\/plugins\/seo\/ -->\n<title>Policy Privacy - Growketing<\/title>\n<meta name=\"robots\" content=\"index, follow, max-snippet:-1, max-image-preview:large, max-video-preview:-1\" \/>\n<link rel=\"canonical\" href=\"https:\/\/www.growketing.com\/en\/policy-privacy\/\" \/>\n<meta property=\"og:locale\" content=\"en_US\" \/>\n<meta property=\"og:type\" content=\"article\" \/>\n<meta property=\"og:title\" content=\"Policy Privacy - Growketing\" \/>\n<meta property=\"og:url\" content=\"https:\/\/www.growketing.com\/en\/policy-privacy\/\" \/>\n<meta property=\"og:site_name\" content=\"Growketing\" \/>\n<meta property=\"article:modified_time\" content=\"2023-12-19T05:18:33+00:00\" \/>\n<meta name=\"twitter:card\" content=\"summary_large_image\" \/>\n<script type=\"application\/ld+json\" class=\"yoast-schema-graph\">{\"@context\":\"https:\/\/schema.org\",\"@graph\":[{\"@type\":\"WebPage\",\"@id\":\"https:\/\/www.growketing.com\/en\/policy-privacy\/\",\"url\":\"https:\/\/www.growketing.com\/en\/policy-privacy\/\",\"name\":\"Policy Privacy - Growketing\",\"isPartOf\":{\"@id\":\"https:\/\/www.growketing.com\/en\/#website\"},\"datePublished\":\"2023-12-19T04:44:40+00:00\",\"dateModified\":\"2023-12-19T05:18:33+00:00\",\"inLanguage\":\"en-US\",\"potentialAction\":[{\"@type\":\"ReadAction\",\"target\":[\"https:\/\/www.growketing.com\/en\/policy-privacy\/\"]}]},{\"@type\":\"WebSite\",\"@id\":\"https:\/\/www.growketing.com\/en\/#website\",\"url\":\"https:\/\/www.growketing.com\/en\/\",\"name\":\"Growketing\",\"description\":\"\",\"publisher\":{\"@id\":\"https:\/\/www.growketing.com\/en\/#organization\"},\"potentialAction\":[{\"@type\":\"SearchAction\",\"target\":{\"@type\":\"EntryPoint\",\"urlTemplate\":\"https:\/\/www.growketing.com\/en\/?s={search_term_string}\"},\"query-input\":\"required name=search_term_string\"}],\"inLanguage\":\"en-US\"},{\"@type\":\"Organization\",\"@id\":\"https:\/\/www.growketing.com\/en\/#organization\",\"name\":\"Growketing\",\"url\":\"https:\/\/www.growketing.com\/en\/\",\"logo\":{\"@type\":\"ImageObject\",\"inLanguage\":\"en-US\",\"@id\":\"https:\/\/www.growketing.com\/en\/#\/schema\/logo\/image\/\",\"url\":\"\/wp-content\/uploads\/2023\/06\/green_logo.svg\",\"contentUrl\":\"\/wp-content\/uploads\/2023\/06\/green_logo.svg\",\"width\":1,\"height\":1,\"caption\":\"Growketing\"},\"image\":{\"@id\":\"https:\/\/www.growketing.com\/en\/#\/schema\/logo\/image\/\"},\"sameAs\":[\"https:\/\/www.linkedin.com\/company\/growketing\/\",\"https:\/\/www.instagram.com\/growketing\/\"]}]}<\/script>\n<!-- \/ Yoast SEO plugin. -->","yoast_head_json":{"title":"Policy Privacy - Growketing","robots":{"index":"index","follow":"follow","max-snippet":"max-snippet:-1","max-image-preview":"max-image-preview:large","max-video-preview":"max-video-preview:-1"},"canonical":"https:\/\/www.growketing.com\/en\/policy-privacy\/","og_locale":"en_US","og_type":"article","og_title":"Policy Privacy - Growketing","og_url":"https:\/\/www.growketing.com\/en\/policy-privacy\/","og_site_name":"Growketing","article_modified_time":"2023-12-19T05:18:33+00:00","twitter_card":"summary_large_image","schema":{"@context":"https:\/\/schema.org","@graph":[{"@type":"WebPage","@id":"https:\/\/www.growketing.com\/en\/policy-privacy\/","url":"https:\/\/www.growketing.com\/en\/policy-privacy\/","name":"Policy Privacy - Growketing","isPartOf":{"@id":"https:\/\/www.growketing.com\/en\/#website"},"datePublished":"2023-12-19T04:44:40+00:00","dateModified":"2023-12-19T05:18:33+00:00","inLanguage":"en-US","potentialAction":[{"@type":"ReadAction","target":["https:\/\/www.growketing.com\/en\/policy-privacy\/"]}]},{"@type":"WebSite","@id":"https:\/\/www.growketing.com\/en\/#website","url":"https:\/\/www.growketing.com\/en\/","name":"Growketing","description":"","publisher":{"@id":"https:\/\/www.growketing.com\/en\/#organization"},"potentialAction":[{"@type":"SearchAction","target":{"@type":"EntryPoint","urlTemplate":"https:\/\/www.growketing.com\/en\/?s={search_term_string}"},"query-input":"required name=search_term_string"}],"inLanguage":"en-US"},{"@type":"Organization","@id":"https:\/\/www.growketing.com\/en\/#organization","name":"Growketing","url":"https:\/\/www.growketing.com\/en\/","logo":{"@type":"ImageObject","inLanguage":"en-US","@id":"https:\/\/www.growketing.com\/en\/#\/schema\/logo\/image\/","url":"\/wp-content\/uploads\/2023\/06\/green_logo.svg","contentUrl":"\/wp-content\/uploads\/2023\/06\/green_logo.svg","width":1,"height":1,"caption":"Growketing"},"image":{"@id":"https:\/\/www.growketing.com\/en\/#\/schema\/logo\/image\/"},"sameAs":["https:\/\/www.linkedin.com\/company\/growketing\/","https:\/\/www.instagram.com\/growketing\/"]}]}},"_links":{"self":[{"href":"https:\/\/www.growketing.com\/en\/wp-json\/wp\/v2\/pages\/22187","targetHints":{"allow":["GET"]}}],"collection":[{"href":"https:\/\/www.growketing.com\/en\/wp-json\/wp\/v2\/pages"}],"about":[{"href":"https:\/\/www.growketing.com\/en\/wp-json\/wp\/v2\/types\/page"}],"author":[{"embeddable":true,"href":"https:\/\/www.growketing.com\/en\/wp-json\/wp\/v2\/users\/2"}],"replies":[{"embeddable":true,"href":"https:\/\/www.growketing.com\/en\/wp-json\/wp\/v2\/comments?post=22187"}],"version-history":[{"count":0,"href":"https:\/\/www.growketing.com\/en\/wp-json\/wp\/v2\/pages\/22187\/revisions"}],"wp:attachment":[{"href":"https:\/\/www.growketing.com\/en\/wp-json\/wp\/v2\/media?parent=22187"}],"curies":[{"name":"wp","href":"https:\/\/api.w.org\/{rel}","templated":true}]}}